{"id":10752,"date":"2025-09-22T14:47:41","date_gmt":"2025-09-22T12:47:41","guid":{"rendered":"https:\/\/sie-gruendet.de\/werde-botschafterin\/"},"modified":"2025-09-25T10:11:28","modified_gmt":"2025-09-25T08:11:28","slug":"werde-botschafterin","status":"publish","type":"page","link":"https:\/\/sie-gruendet.de\/de\/werde-botschafterin\/","title":{"rendered":"Werde Botschafterin"},"content":{"rendered":"\t\t<div data-elementor-type=\"wp-page\" data-elementor-id=\"10752\" class=\"elementor elementor-10752 elementor-10718\">\n\t\t\t\t<div class=\"elementor-element elementor-element-8b5489f e-con-full e-flex e-con e-parent\" data-id=\"8b5489f\" data-element_type=\"container\">\n\t\t<div class=\"elementor-element elementor-element-eaeccee e-con-full e-flex e-con e-child\" data-id=\"eaeccee\" data-element_type=\"container\">\n\t\t\t\t<div class=\"elementor-element elementor-element-ae5a042 elementor-widget elementor-widget-image\" data-id=\"ae5a042\" data-element_type=\"widget\" data-widget_type=\"image.default\">\n\t\t\t\t<div class=\"elementor-widget-container\">\n\t\t\t<style>\/*! elementor - v3.23.0 - 05-08-2024 *\/\n.elementor-widget-image{text-align:center}.elementor-widget-image a{display:inline-block}.elementor-widget-image a img[src$=\".svg\"]{width:48px}.elementor-widget-image img{vertical-align:middle;display:inline-block}<\/style>\t\t\t\t\t\t\t\t\t\t<img fetchpriority=\"high\" decoding=\"async\" width=\"819\" height=\"1024\" src=\"https:\/\/sie-gruendet.de\/wp-content\/uploads\/rtMedia\/users\/242457406\/2025\/09\/WhatsApp-Image-2025-09-18-at-14.45.32.jpeg\" class=\"attachment-large size-large wp-image-10710\" alt=\"\" \/>\t\t\t\t\t\t\t\t\t\t\t\t\t<\/div>\n\t\t\t\t<\/div>\n\t\t\t\t<\/div>\n\t\t<div class=\"elementor-element elementor-element-e979091 e-con-full e-flex e-con e-child\" data-id=\"e979091\" data-element_type=\"container\">\n\t\t\t\t<div class=\"elementor-element elementor-element-10e77a4 divider-yes aleft elementor-widget elementor-widget-wgl-double-heading\" data-id=\"10e77a4\" data-element_type=\"widget\" data-widget_type=\"wgl-double-heading.default\">\n\t\t\t\t<div class=\"elementor-widget-container\">\n\t\t\t<div class=\"wgl-double-heading\"><div class=\"dblh__subtitle\">Werde Botschafterin<\/div><h3 class=\"dblh__title-wrapper\"><span class=\"dblh__title dblh__title-1\">Unsere Community w\u00e4chst \u2013 und jetzt holen wir sie auch in jede Region.<\/span><\/h3><div class=\"dblh__content\"><p data-start=\"125\" data-end=\"443\">Mit unserer neuen Botschafterinnen-Struktur bringen wir die Mission von SIE gr\u00fcndet deutschlandweit noch n\u00e4her zu den Frauen, die gr\u00fcnden oder schon gegr\u00fcndet haben. Unsere Botschafterinnen vernetzen Gr\u00fcnderinnen, organisieren Treffen vor Ort und machen internationale Unternehmerinnen in Deutschland sichtbarer und st\u00e4rker.<\/p>\n<p data-start=\"445\" data-end=\"542\">Es ist der n\u00e4chste Schritt, unsere Community noch enger zusammenzubringen \u2013 online und offline.<\/p>\n<\/div><\/div>\t\t<\/div>\n\t\t\t\t<\/div>\n\t\t\t\t<div class=\"elementor-element elementor-element-334927f elementor-view-default elementor-widget elementor-widget-icon\" data-id=\"334927f\" data-element_type=\"widget\" data-widget_type=\"icon.default\">\n\t\t\t\t<div class=\"elementor-widget-container\">\n\t\t\t\t\t<div class=\"elementor-icon-wrapper\">\n\t\t\t<div class=\"elementor-icon\">\n\t\t\t<i aria-hidden=\"true\" class=\"flaticon flaticon-heart\"><\/i>\t\t\t<\/div>\n\t\t<\/div>\n\t\t\t\t<\/div>\n\t\t\t\t<\/div>\n\t\t\t\t<\/div>\n\t\t\t\t<\/div>\n\t\t<div class=\"elementor-element elementor-element-caaca12 e-flex e-con-boxed e-con e-parent\" data-id=\"caaca12\" data-element_type=\"container\">\n\t\t\t\t\t<div class=\"e-con-inner\">\n\t\t\t\t<div class=\"elementor-element elementor-element-7d60519 elementor-widget__width-initial elementor-widget elementor-widget-wgl-text-path\" data-id=\"7d60519\" data-element_type=\"widget\" data-settings=\"{&quot;text&quot;:&quot;Empowerment &amp; Sichtbarkeit&quot;,&quot;divider_custom&quot;:&quot;\\ud83d\\ude4b\\ud83c\\udffd\\u200d\\u2640\\ufe0f\\ud83d\\ude4b\\ud83c\\udffc\\u200d\\u2640\\ufe0f\\ud83d\\ude4b\\ud83c\\udfff\\u200d\\u2640\\ufe0f\\ud83d\\ude4b\\ud83c\\udffb\\u200d\\u2640\\ufe0f&quot;,&quot;link&quot;:{&quot;url&quot;:&quot;&quot;,&quot;is_external&quot;:&quot;&quot;,&quot;nofollow&quot;:&quot;&quot;,&quot;custom_attributes&quot;:&quot;&quot;},&quot;animation_speed&quot;:30000,&quot;start_point&quot;:{&quot;unit&quot;:&quot;%&quot;,&quot;size&quot;:100,&quot;sizes&quot;:[]},&quot;start_point_laptop&quot;:{&quot;unit&quot;:&quot;px&quot;,&quot;size&quot;:&quot;&quot;,&quot;sizes&quot;:[]},&quot;start_point_tablet&quot;:{&quot;unit&quot;:&quot;px&quot;,&quot;size&quot;:&quot;&quot;,&quot;sizes&quot;:[]},&quot;start_point_mobile&quot;:{&quot;unit&quot;:&quot;px&quot;,&quot;size&quot;:&quot;&quot;,&quot;sizes&quot;:[]},&quot;end_point&quot;:{&quot;unit&quot;:&quot;%&quot;,&quot;size&quot;:-10,&quot;sizes&quot;:[]},&quot;end_point_laptop&quot;:{&quot;unit&quot;:&quot;px&quot;,&quot;size&quot;:&quot;&quot;,&quot;sizes&quot;:[]},&quot;end_point_tablet&quot;:{&quot;unit&quot;:&quot;px&quot;,&quot;size&quot;:&quot;&quot;,&quot;sizes&quot;:[]},&quot;end_point_mobile&quot;:{&quot;unit&quot;:&quot;px&quot;,&quot;size&quot;:&quot;&quot;,&quot;sizes&quot;:[]}}\" data-widget_type=\"wgl-text-path.default\">\n\t\t\t\t<div class=\"elementor-widget-container\">\n\t\t\t\t\t<div class=\"wgl-text-path loop_animation  clone_text add_divider stop_on_hover\" data-backspace-count=\"\" data-d-type=\"custom\" data-d-custom=\"\ud83d\ude4b\ud83c\udffd\u200d\u2640\ufe0f\ud83d\ude4b\ud83c\udffc\u200d\u2640\ufe0f\ud83d\ude4b\ud83c\udfff\u200d\u2640\ufe0f\ud83d\ude4b\ud83c\udffb\u200d\u2640\ufe0f\" data-type-svg=\"wgl_line_simple\" data-text=\"Empowerment &amp; Sichtbarkeit\">\n\t\t\t<div class=\"simple_line\"><\/div>\t\t\t\t\t<\/div>\n\t\t\t\t<\/div>\n\t\t\t\t<\/div>\n\t\t\t\t\t<\/div>\n\t\t\t\t<\/div>\n\t\t<div class=\"elementor-element elementor-element-edcac81 e-grid e-con-boxed e-con e-parent\" data-id=\"edcac81\" data-element_type=\"container\">\n\t\t\t\t\t<div class=\"e-con-inner\">\n\t\t\t\t<div class=\"elementor-element elementor-element-e6edd09 aleft elementor-widget-icon-box wgl-icon-box elementor-view-default elementor-widget elementor-widget-wgl-info-box\" data-id=\"e6edd09\" data-element_type=\"widget\" data-widget_type=\"wgl-info-box.default\">\n\t\t\t\t<div class=\"elementor-widget-container\">\n\t\t\t<div class=\"wgl-infobox\"><div class=\"wgl-infobox_wrapper wgl-layout-top\"><div class=\"media-wrapper icon-wrapper\"><span class=\"wgl-icon\" ><i class=\"icon elementor-icon flaticon flaticon-heart\" aria-hidden=\"true\"><\/i><\/span><\/div><div class=\"content_wrapper\"><div class=\"wgl-infobox-title_wrapper\"><h3 class=\"wgl-infobox_title\"><span class=\"wgl-infobox_title-idle\">Deine Rolle als Botschafterin<\/span><\/h3><\/div><div class=\"wgl-infobox_content\"><p>Als Botschafterin bist Du die Stimme von SIE gr\u00fcndet e.V. in Deiner Region. Du vernetzt Gr\u00fcnderinnen, bringst unsere Mission voran und bist ein Role Model f\u00fcr Female Entrepreneurship.<\/p>\n<\/div><div class=\"wgl-infobox_bg_text\">01<\/div><\/div><\/div><\/div>\t\t<\/div>\n\t\t\t\t<\/div>\n\t\t\t\t<div class=\"elementor-element elementor-element-029153e aleft elementor-widget-icon-box wgl-icon-box elementor-view-default elementor-widget elementor-widget-wgl-info-box\" data-id=\"029153e\" data-element_type=\"widget\" data-widget_type=\"wgl-info-box.default\">\n\t\t\t\t<div class=\"elementor-widget-container\">\n\t\t\t<div class=\"wgl-infobox\"><div class=\"wgl-infobox_wrapper wgl-layout-top\"><div class=\"media-wrapper icon-wrapper\"><span class=\"wgl-icon\" ><i class=\"icon elementor-icon flaticon flaticon-edit\" aria-hidden=\"true\"><\/i><\/span><\/div><div class=\"content_wrapper\"><div class=\"wgl-infobox-title_wrapper\"><h3 class=\"wgl-infobox_title\"><span class=\"wgl-infobox_title-idle\">Deine Aufgaben:<\/span><\/h3><\/div><div class=\"wgl-infobox_content\"><ul>\n<li data-start=\"71\" data-end=\"121\">\n<p data-start=\"73\" data-end=\"121\">Aufbau und Pflege einer regionalen Community.<\/p>\n<\/li>\n<li data-start=\"122\" data-end=\"211\">\n<p data-start=\"124\" data-end=\"211\">Organisation von Netzwerktreffen (z.B., Meetups\/Stammtische - ca. 4x\/Jahr).<\/p>\n<\/li>\n<li data-start=\"212\" data-end=\"256\">\n<p data-start=\"214\" data-end=\"256\">Gewinnung neuer Mitglieder und Kooperationen.<\/p>\n<\/li>\n<li data-start=\"257\" data-end=\"307\">\n<p data-start=\"259\" data-end=\"307\">Vertretung von SIE gr\u00fcndet e.V. bei lokalen Veranstaltungen.<\/p>\n<\/li>\n<li data-start=\"308\" data-end=\"366\">\n<p data-start=\"310\" data-end=\"366\">Austausch mit unserem bundesweiten Botschafterinnen-Team.<\/p>\n<\/li>\n<\/ul>\n<\/div><div class=\"wgl-infobox_bg_text\">02<\/div><\/div><\/div><\/div>\t\t<\/div>\n\t\t\t\t<\/div>\n\t\t\t\t<div class=\"elementor-element elementor-element-7dc71d3 aleft elementor-widget-icon-box wgl-icon-box elementor-view-default elementor-widget elementor-widget-wgl-info-box\" data-id=\"7dc71d3\" data-element_type=\"widget\" data-widget_type=\"wgl-info-box.default\">\n\t\t\t\t<div class=\"elementor-widget-container\">\n\t\t\t<div class=\"wgl-infobox\"><div class=\"wgl-infobox_wrapper wgl-layout-top\"><div class=\"media-wrapper icon-wrapper\"><span class=\"wgl-icon\" ><i class=\"icon elementor-icon flaticon flaticon-diamond\" aria-hidden=\"true\"><\/i><\/span><\/div><div class=\"content_wrapper\"><div class=\"wgl-infobox-title_wrapper\"><h3 class=\"wgl-infobox_title\"><span class=\"wgl-infobox_title-idle\">Was wir Dir bieten<\/span><\/h3><\/div><div class=\"wgl-infobox_content\"><ul>\n<li data-start=\"76\" data-end=\"149\">\n<p data-start=\"78\" data-end=\"149\">Teil des SIE gr\u00fcndet-Teams: Mitwirkung bei unserem Verband.<\/p>\n<\/li>\n<li data-start=\"150\" data-end=\"224\">\n<p data-start=\"152\" data-end=\"224\">Starkes Netzwerk: Zugang zu Gr\u00fcnderinnen, Mentorinnen und Kooperationspartnern.<\/p>\n<\/li>\n<li data-start=\"225\" data-end=\"282\">\n<p data-start=\"227\" data-end=\"282\">Sichtbarkeit: Vorstellung auf unserer Website und in Social Media.<\/p>\n<\/li>\n<li data-start=\"283\" data-end=\"363\">\n<p data-start=\"285\" data-end=\"363\">Positionierung und Anerkennung: Offizieller Titel \u201eBotschafterin von SIE gr\u00fcndet e.V.\u201c<\/p>\n<\/li>\n<\/ul>\n<\/div><div class=\"wgl-infobox_bg_text\">03<\/div><\/div><\/div><\/div>\t\t<\/div>\n\t\t\t\t<\/div>\n\t\t\t\t<div class=\"elementor-element elementor-element-feff64f aleft elementor-widget-icon-box wgl-icon-box elementor-view-default elementor-widget elementor-widget-wgl-info-box\" data-id=\"feff64f\" data-element_type=\"widget\" data-widget_type=\"wgl-info-box.default\">\n\t\t\t\t<div class=\"elementor-widget-container\">\n\t\t\t<div class=\"wgl-infobox\"><div class=\"wgl-infobox_wrapper wgl-layout-top\"><div class=\"media-wrapper icon-wrapper\"><span class=\"wgl-icon\" ><i class=\"icon elementor-icon flaticon flaticon-star\" aria-hidden=\"true\"><\/i><\/span><\/div><div class=\"content_wrapper\"><div class=\"wgl-infobox-title_wrapper\"><h3 class=\"wgl-infobox_title\"><span class=\"wgl-infobox_title-idle\">Das bringst Du mit<\/span><\/h3><\/div><div class=\"wgl-infobox_content\"><ul>\n<li data-start=\"71\" data-end=\"111\">\n<p data-start=\"73\" data-end=\"111\">Leidenschaft f\u00fcr Female Entrepreneurship.<\/p>\n<\/li>\n<li data-start=\"112\" data-end=\"154\">\n<p data-start=\"114\" data-end=\"154\">Eigene Gr\u00fcndungserfahrung.<\/p>\n<\/li>\n<li data-start=\"155\" data-end=\"216\">\n<p data-start=\"157\" data-end=\"216\">Gute regionale Kontakte und Lust auf Community-Aufbau.<\/p>\n<\/li>\n<li data-start=\"217\" data-end=\"269\">\n<p data-start=\"219\" data-end=\"269\">Zeitbudget von c.a. 5\u201310 Stunden pro Monat. <\/p>\n<\/li>\n<li data-start=\"270\" data-end=\"321\">\n<p data-start=\"272\" data-end=\"321\">Kommunikationsst\u00e4rke und Organisationstalent.<\/p>\n<\/li>\n<\/ul>\n<\/div><div class=\"wgl-infobox_bg_text\">04<\/div><\/div><\/div><\/div>\t\t<\/div>\n\t\t\t\t<\/div>\n\t\t\t\t\t<\/div>\n\t\t\t\t<\/div>\n\t\t<div class=\"elementor-element elementor-element-5e368e0 e-flex e-con-boxed e-con e-parent\" data-id=\"5e368e0\" data-element_type=\"container\" data-settings=\"{&quot;shape_divider_top&quot;:&quot;waves&quot;,&quot;shape_divider_bottom&quot;:&quot;tilt&quot;}\">\n\t\t\t\t\t<div class=\"e-con-inner\">\n\t\t\t\t<div class=\"elementor-shape elementor-shape-top\" data-negative=\"false\">\n\t\t\t<svg xmlns=\"http:\/\/www.w3.org\/2000\/svg\" viewBox=\"0 0 1000 100\" preserveAspectRatio=\"none\">\n\t<path class=\"elementor-shape-fill\" d=\"M421.9,6.5c22.6-2.5,51.5,0.4,75.5,5.3c23.6,4.9,70.9,23.5,100.5,35.7c75.8,32.2,133.7,44.5,192.6,49.7\n\tc23.6,2.1,48.7,3.5,103.4-2.5c54.7-6,106.2-25.6,106.2-25.6V0H0v30.3c0,0,72,32.6,158.4,30.5c39.2-0.7,92.8-6.7,134-22.4\n\tc21.2-8.1,52.2-18.2,79.7-24.2C399.3,7.9,411.6,7.5,421.9,6.5z\"\/>\n<\/svg>\t\t<\/div>\n\t\t\t\t<div class=\"elementor-shape elementor-shape-bottom\" data-negative=\"false\">\n\t\t\t<svg xmlns=\"http:\/\/www.w3.org\/2000\/svg\" viewBox=\"0 0 1000 100\" preserveAspectRatio=\"none\">\n\t<path class=\"elementor-shape-fill\" d=\"M0,6V0h1000v100L0,6z\"\/>\n<\/svg>\t\t<\/div>\n\t\t\t\t<div class=\"elementor-element elementor-element-ad5b430 elementor-widget elementor-widget-wgl-satellite-service\" data-id=\"ad5b430\" data-element_type=\"widget\" data-widget_type=\"wgl-satellite-service.default\">\n\t\t\t\t<div class=\"elementor-widget-container\">\n\t\t\t        <div class=\"wgl-service-sat\">\n            <div class=\"wgl-services_wrap\">                <div class=\"wgl-services_content-wrap\">\n                    <h3 class=\"wgl-services_title\">So wirst Du Botschafterin \ud83d\ude4b\ud83c\udffd\u200d\u2640\ufe0f\ud83d\ude4b\ud83c\udffc\u200d\u2640\ufe0f\ud83d\ude4b\ud83c\udfff\u200d\u2640\ufe0f\ud83d\ude4b\ud83c\udffb\u200d\u2640\ufe0f:<\/h3>                        <div class=\"wgl-services_text\"><p>Schick uns Dein Motivationsschreibung und Lebenslauf an:<\/p>\n<p>\ud83d\udce7 <a class=\"decorated-link cursor-pointer\" rel=\"noopener\"><strong>contact@sie-gruendet.de<\/strong><span class=\"ms-0.5 inline-block align-middle leading-none\"><\/span><\/a><\/p>\n<p>Fragen? Schreib uns an: <a class=\"decorated-link cursor-pointer\" rel=\"noopener\">contact@sie-gruendet.de<span class=\"ms-0.5 inline-block align-middle leading-none\"><\/span><\/a> <\/p>\n<p>Wir freuen uns darauf, Dich kennenzulernen und gemeinsam internationale Entrepreneurinnen in Deutschland sichtbarer und st\u00e4rker zu machen!<\/p>\n<p>Warm regards,<br>Your SIE gr\u00fcndet e.V. team<\/p>\n<\/div>                <\/div>            <\/div>\n        <\/div>\n\n        \t\t<\/div>\n\t\t\t\t<\/div>\n\t\t\t\t\t<\/div>\n\t\t\t\t<\/div>\n\t\t\t\t<\/div>\n\t\t","protected":false},"excerpt":{"rendered":"<p>Werde Botschafterin Unsere Community w\u00e4chst \u2013 und jetzt holen wir sie auch in jede Region. Mit unserer neuen Botschafterinnen-Struktur bringen [&hellip;]<\/p>\n","protected":false},"author":242457406,"featured_media":0,"parent":0,"menu_order":0,"comment_status":"closed","ping_status":"closed","template":"","meta":{"_bbp_topic_count":0,"_bbp_reply_count":0,"_bbp_total_topic_count":0,"_bbp_total_reply_count":0,"_bbp_voice_count":0,"_bbp_anonymous_reply_count":0,"_bbp_topic_count_hidden":0,"_bbp_reply_count_hidden":0,"_bbp_forum_subforum_count":0,"footnotes":""},"class_list":["post-10752","page","type-page","status-publish","hentry"],"_links":{"self":[{"href":"https:\/\/sie-gruendet.de\/de\/wp-json\/wp\/v2\/pages\/10752","targetHints":{"allow":["GET"]}}],"collection":[{"href":"https:\/\/sie-gruendet.de\/de\/wp-json\/wp\/v2\/pages"}],"about":[{"href":"https:\/\/sie-gruendet.de\/de\/wp-json\/wp\/v2\/types\/page"}],"author":[{"embeddable":true,"href":"https:\/\/sie-gruendet.de\/de\/wp-json\/wp\/v2\/users\/242457406"}],"replies":[{"embeddable":true,"href":"https:\/\/sie-gruendet.de\/de\/wp-json\/wp\/v2\/comments?post=10752"}],"version-history":[{"count":5,"href":"https:\/\/sie-gruendet.de\/de\/wp-json\/wp\/v2\/pages\/10752\/revisions"}],"predecessor-version":[{"id":10833,"href":"https:\/\/sie-gruendet.de\/de\/wp-json\/wp\/v2\/pages\/10752\/revisions\/10833"}],"wp:attachment":[{"href":"https:\/\/sie-gruendet.de\/de\/wp-json\/wp\/v2\/media?parent=10752"}],"curies":[{"name":"wp","href":"https:\/\/api.w.org\/{rel}","templated":true}]}}