{"id":5844,"date":"2023-02-21T08:14:29","date_gmt":"2023-02-21T07:14:29","guid":{"rendered":"https:\/\/sie-gruendet.de\/ueber-uns\/"},"modified":"2024-05-08T19:26:36","modified_gmt":"2024-05-08T17:26:36","slug":"ueber-uns","status":"publish","type":"page","link":"https:\/\/sie-gruendet.de\/de\/ueber-uns\/","title":{"rendered":"\u00dcber Uns"},"content":{"rendered":"\t\t<div data-elementor-type=\"wp-page\" data-elementor-id=\"5844\" class=\"elementor elementor-5844 elementor-307\">\n\t\t\t\t\t\t<section class=\"elementor-section elementor-top-section elementor-element elementor-element-2392d96 elementor-section-boxed elementor-section-height-default elementor-section-height-default\" data-id=\"2392d96\" data-element_type=\"section\">\n\t\t\t\t\t\t<div class=\"elementor-container elementor-column-gap-default\">\n\t\t\t\t\t<div class=\"elementor-column elementor-col-100 elementor-top-column elementor-element elementor-element-473592f\" data-id=\"473592f\" data-element_type=\"column\">\n\t\t\t<div class=\"elementor-widget-wrap elementor-element-populated\">\n\t\t\t\t\t\t<div class=\"elementor-element elementor-element-fb7d309 elementor-widget elementor-widget-image\" data-id=\"fb7d309\" data-element_type=\"widget\" data-widget_type=\"image.default\">\n\t\t\t\t<div class=\"elementor-widget-container\">\n\t\t\t<style>\/*! elementor - v3.23.0 - 05-08-2024 *\/\n.elementor-widget-image{text-align:center}.elementor-widget-image a{display:inline-block}.elementor-widget-image a img[src$=\".svg\"]{width:48px}.elementor-widget-image img{vertical-align:middle;display:inline-block}<\/style>\t\t\t\t\t\t\t\t\t\t<img fetchpriority=\"high\" decoding=\"async\" width=\"1689\" height=\"410\" src=\"https:\/\/sie-gruendet.de\/wp-content\/uploads\/2024\/01\/SIEG-Abstract-H.webp\" class=\"attachment-full size-full wp-image-5215\" alt=\"SIEG - Abstract horizontal\" \/>\t\t\t\t\t\t\t\t\t\t\t\t\t<\/div>\n\t\t\t\t<\/div>\n\t\t\t\t\t<\/div>\n\t\t<\/div>\n\t\t\t\t\t<\/div>\n\t\t<\/section>\n\t\t\t\t<section class=\"elementor-section elementor-top-section elementor-element elementor-element-53817d6 elementor-section-boxed elementor-section-height-default elementor-section-height-default\" data-id=\"53817d6\" data-element_type=\"section\">\n\t\t\t\t\t\t<div class=\"elementor-container elementor-column-gap-default\">\n\t\t\t\t\t<div class=\"elementor-column elementor-col-100 elementor-top-column elementor-element elementor-element-0052295\" data-id=\"0052295\" data-element_type=\"column\">\n\t\t\t<div class=\"elementor-widget-wrap elementor-element-populated\">\n\t\t\t\t\t\t<div class=\"elementor-element elementor-element-c7c2272 elementor-widget elementor-widget-spacer\" data-id=\"c7c2272\" data-element_type=\"widget\" data-widget_type=\"spacer.default\">\n\t\t\t\t<div class=\"elementor-widget-container\">\n\t\t\t<style>\/*! elementor - v3.23.0 - 05-08-2024 *\/\n.elementor-column .elementor-spacer-inner{height:var(--spacer-size)}.e-con{--container-widget-width:100%}.e-con-inner>.elementor-widget-spacer,.e-con>.elementor-widget-spacer{width:var(--container-widget-width,var(--spacer-size));--align-self:var(--container-widget-align-self,initial);--flex-shrink:0}.e-con-inner>.elementor-widget-spacer>.elementor-widget-container,.e-con>.elementor-widget-spacer>.elementor-widget-container{height:100%;width:100%}.e-con-inner>.elementor-widget-spacer>.elementor-widget-container>.elementor-spacer,.e-con>.elementor-widget-spacer>.elementor-widget-container>.elementor-spacer{height:100%}.e-con-inner>.elementor-widget-spacer>.elementor-widget-container>.elementor-spacer>.elementor-spacer-inner,.e-con>.elementor-widget-spacer>.elementor-widget-container>.elementor-spacer>.elementor-spacer-inner{height:var(--container-widget-height,var(--spacer-size))}.e-con-inner>.elementor-widget-spacer.elementor-widget-empty,.e-con>.elementor-widget-spacer.elementor-widget-empty{position:relative;min-height:22px;min-width:22px}.e-con-inner>.elementor-widget-spacer.elementor-widget-empty .elementor-widget-empty-icon,.e-con>.elementor-widget-spacer.elementor-widget-empty .elementor-widget-empty-icon{position:absolute;top:0;bottom:0;left:0;right:0;margin:auto;padding:0;width:22px;height:22px}<\/style>\t\t<div class=\"elementor-spacer\">\n\t\t\t<div class=\"elementor-spacer-inner\"><\/div>\n\t\t<\/div>\n\t\t\t\t<\/div>\n\t\t\t\t<\/div>\n\t\t\t\t<div class=\"elementor-element elementor-element-901dd39 acenter elementor-widget__width-initial elementor-widget elementor-widget-wgl-double-heading\" data-id=\"901dd39\" data-element_type=\"widget\" data-widget_type=\"wgl-double-heading.default\">\n\t\t\t\t<div class=\"elementor-widget-container\">\n\t\t\t<div class=\"wgl-double-heading\"><h3 class=\"dblh__title-wrapper\"><span class=\"dblh__title dblh__title-1\">Experten im Unternehmertum <\/span><span class=\"dblh__title dblh__title-2\">f\u00fcr Migranten in Deutschland<\/span><\/h3><div class=\"dblh__content\"><div><span>Bei SIE gr\u00fcndet addressieren wir internationale Unternehmerinnen am Wirtschaftsstandort Deutschland, unabh\u00e4ngig von ihrer Hautfarbe, Herkunft, Alter, sexueller Orientierung und Religion. <\/span><\/div>\n<div><span> <\/span><\/div>\n<div><span>Viele Frauen mit internationaler Biographie sind in Deutschland als Gr\u00fcnderinnen und Unternehmerinnen aktiv. Ihre Zahl w\u00e4chst stetig. Sie bringen neue Dynamik in die deutsche Unternehmenslandschaft, schaffen Arbeitspl\u00e4tze und sind innovativ. Sie sind in allen Branchen aktiv. Sie bauen Br\u00fccken zwischen Deutschland und ihren Herkunftsl\u00e4ndern \u2013 wirtschaftlich, kulturell, menschlich. \u201eSIE gr\u00fcndet\u201c ist das Forum dieser dynamischen Gruppe. \u201eSIE gr\u00fcndet\u201c verkn\u00fcpft internationale Unternehmerinnen in Deutschland miteinander und vertritt die Interessen dieser Gruppe in der \u00d6ffentlichkeit. <\/span><\/div>\n<\/div><\/div>\t\t<\/div>\n\t\t\t\t<\/div>\n\t\t\t\t<div class=\"elementor-element elementor-element-abf6632 acenter elementor-widget elementor-widget-wgl-button\" data-id=\"abf6632\" data-element_type=\"widget\" data-widget_type=\"wgl-button.default\">\n\t\t\t\t<div class=\"elementor-widget-container\">\n\t\t\t<a  class=\"wgl-button btn-size-xl \" role=\"button\" href=\"https:\/\/sie-gruendet.de\/de\/kontakt\/\"><div class=\"button__content \"><span class=\"button__text\">KONTAKT AUFNEHMEN<\/span><\/div><\/a>\t\t<\/div>\n\t\t\t\t<\/div>\n\t\t\t\t<div class=\"elementor-element elementor-element-98dd73f elementor-widget elementor-widget-spacer\" data-id=\"98dd73f\" data-element_type=\"widget\" data-widget_type=\"spacer.default\">\n\t\t\t\t<div class=\"elementor-widget-container\">\n\t\t\t\t\t<div class=\"elementor-spacer\">\n\t\t\t<div class=\"elementor-spacer-inner\"><\/div>\n\t\t<\/div>\n\t\t\t\t<\/div>\n\t\t\t\t<\/div>\n\t\t\t\t\t<\/div>\n\t\t<\/div>\n\t\t\t\t\t<\/div>\n\t\t<\/section>\n\t\t\t\t<section class=\"elementor-section elementor-top-section elementor-element elementor-element-835610b elementor-section-boxed elementor-section-height-default elementor-section-height-default\" data-id=\"835610b\" data-element_type=\"section\">\n\t\t\t\t\t\t<div class=\"elementor-container elementor-column-gap-default\">\n\t\t\t\t\t<div class=\"elementor-column elementor-col-66 elementor-top-column elementor-element elementor-element-e31ebff\" data-id=\"e31ebff\" data-element_type=\"column\">\n\t\t\t<div class=\"elementor-widget-wrap elementor-element-populated\">\n\t\t\t\t\t\t<div class=\"elementor-element elementor-element-4784c0e divider-yes aleft elementor-widget elementor-widget-wgl-double-heading\" data-id=\"4784c0e\" data-element_type=\"widget\" data-widget_type=\"wgl-double-heading.default\">\n\t\t\t\t<div class=\"elementor-widget-container\">\n\t\t\t<div class=\"wgl-double-heading\"><div class=\"dblh__subtitle\">unsere Fachleute<\/div><h3 class=\"dblh__title-wrapper\"><span class=\"dblh__title dblh__title-1\">Ein Team, das Ideen entwickelt, <br><\/span><span class=\"dblh__title dblh__title-2\">die von der Zukunft angetrieben werden<\/span><\/h3><\/div>\t\t<\/div>\n\t\t\t\t<\/div>\n\t\t\t\t\t<\/div>\n\t\t<\/div>\n\t\t\t\t<div class=\"elementor-column elementor-col-33 elementor-top-column elementor-element elementor-element-a478231\" data-id=\"a478231\" data-element_type=\"column\">\n\t\t\t<div class=\"elementor-widget-wrap elementor-element-populated\">\n\t\t\t\t\t\t<div class=\"elementor-element elementor-element-de3fa67 aright a-tabletleft elementor-widget elementor-widget-wgl-button\" data-id=\"de3fa67\" data-element_type=\"widget\" data-widget_type=\"wgl-button.default\">\n\t\t\t\t<div class=\"elementor-widget-container\">\n\t\t\t<a  class=\"wgl-button btn-size-xl \" role=\"button\" href=\"https:\/\/sie-gruendet.de\/de\/kontakt\/\"><div class=\"button__content \"><span class=\"button__text\">ALLE TEAMMITGLIEDER ANSEHEN<\/span><\/div><\/a>\t\t<\/div>\n\t\t\t\t<\/div>\n\t\t\t\t\t<\/div>\n\t\t<\/div>\n\t\t\t\t\t<\/div>\n\t\t<\/section>\n\t\t\t\t<section class=\"elementor-section elementor-top-section elementor-element elementor-element-416c4f8 elementor-section-boxed elementor-section-height-default elementor-section-height-default\" data-id=\"416c4f8\" data-element_type=\"section\">\n\t\t\t\t\t\t<div class=\"elementor-container elementor-column-gap-default\">\n\t\t\t\t\t<div class=\"elementor-column elementor-col-100 elementor-top-column elementor-element elementor-element-3813b42\" data-id=\"3813b42\" data-element_type=\"column\">\n\t\t\t<div class=\"elementor-widget-wrap elementor-element-populated\">\n\t\t\t\t\t\t<div class=\"elementor-element elementor-element-de8d8ad elementor-widget elementor-widget-spacer\" data-id=\"de8d8ad\" data-element_type=\"widget\" data-widget_type=\"spacer.default\">\n\t\t\t\t<div class=\"elementor-widget-container\">\n\t\t\t\t\t<div class=\"elementor-spacer\">\n\t\t\t<div class=\"elementor-spacer-inner\"><\/div>\n\t\t<\/div>\n\t\t\t\t<\/div>\n\t\t\t\t<\/div>\n\t\t\t\t<div class=\"elementor-element elementor-element-a82d327 aleft elementor-widget elementor-widget-wgl-team\" data-id=\"a82d327\" data-element_type=\"widget\" data-widget_type=\"wgl-team.default\">\n\t\t\t\t<div class=\"elementor-widget-container\">\n\t\t\t<section class=\"wgl_module_team\"><div class=\"team__members grid-col--4 carousel\"><div class=\"wgl-carousel_wrapper\"><div class=\"wgl-carousel swiper wgl-carousel_swiper swiper-container pagination_circle \" data-swiper='{\"animationDuration\":300,\"watchOverflow\":true,\"infinite\":true,\"variableWidth\":false,\"autoplay\":true,\"autoplaySpeed\":3000,\"autoplayPause\":true,\"autoplayReverse\":false,\"arrows\":false,\"dots\":true,\"adaptiveHeight\":false,\"responsive\":[{\"breakpoint\":1601,\"slidesToShow\":\"4\",\"slidesToScroll\":1},{\"breakpoint\":1200,\"slidesToShow\":\"4\",\"slidesToScroll\":1},{\"breakpoint\":768,\"slidesToShow\":\"2\",\"slidesToScroll\":1},{\"breakpoint\":280,\"slidesToShow\":\"1\",\"slidesToScroll\":1}]}' data-item-carousel='wgl_carousel_69f3e5ea996f9'><div class=\"swiper-wrapper\"><article class=\"team__member swiper-slide\"><div class=\"member__wrapper\"><div class=\"member__media\"><a href=\"https:\/\/sie-gruendet.de\/de\/team\/stefanie-kohlmorgen\/\" class=\"member__thumbnail\"><img decoding=\"async\" src=\"https:\/\/sie-gruendet.de\/wp-content\/uploads\/2024\/01\/Stefanie-Kohlmorgen-700x560.webp\" class=\"thumbnail__featured\" alt=\"\"><\/a><\/div><div class=\"member__info-wrapper\"><div class=\"member__info\"><div class=\"member__meta-wrapper\"><div class=\"member__meta\"><h2 class=\"member__name\"><a href=\"https:\/\/sie-gruendet.de\/de\/team\/stefanie-kohlmorgen\/\">Stefanie Kohlmorgen<\/a><\/h2><\/div><div class=\"member__icon\"><i class=\"flaticon flaticon-right-arrow-1\"><\/i><\/div><\/div><\/div><\/div><\/div><\/article><article class=\"team__member swiper-slide\"><div class=\"member__wrapper\"><div class=\"member__media\"><a href=\"https:\/\/sie-gruendet.de\/de\/team\/begona-de-la-marta\/\" class=\"member__thumbnail\"><img decoding=\"async\" src=\"https:\/\/sie-gruendet.de\/wp-content\/uploads\/2024\/01\/Begona-de-la-Marta-N-700x560.webp\" class=\"thumbnail__featured\" alt=\"Begon\u0303a de la Marta\"><\/a><\/div><div class=\"member__info-wrapper\"><div class=\"member__info\"><div class=\"member__meta-wrapper\"><div class=\"member__meta\"><h2 class=\"member__name\"><a href=\"https:\/\/sie-gruendet.de\/de\/team\/begona-de-la-marta\/\">Bego\u00f1a de la Marta<\/a><\/h2><\/div><div class=\"member__icon\"><i class=\"flaticon flaticon-right-arrow-1\"><\/i><\/div><\/div><\/div><\/div><\/div><\/article><article class=\"team__member swiper-slide\"><div class=\"member__wrapper\"><div class=\"member__media\"><a href=\"https:\/\/sie-gruendet.de\/de\/team\/dr-claudia-zuleta\/\" class=\"member__thumbnail\"><img decoding=\"async\" src=\"https:\/\/sie-gruendet.de\/wp-content\/uploads\/2024\/01\/Claudia-Zuleta-700x560.webp\" class=\"thumbnail__featured\" alt=\"\"><\/a><\/div><div class=\"member__info-wrapper\"><div class=\"member__info\"><div class=\"member__meta-wrapper\"><div class=\"member__meta\"><h2 class=\"member__name\"><a href=\"https:\/\/sie-gruendet.de\/de\/team\/dr-claudia-zuleta\/\">Dr. Claudia Zuleta<\/a><\/h2><\/div><div class=\"member__icon\"><i class=\"flaticon flaticon-right-arrow-1\"><\/i><\/div><\/div><\/div><\/div><\/div><\/article><article class=\"team__member swiper-slide\"><div class=\"member__wrapper\"><div class=\"member__media\"><a href=\"https:\/\/sie-gruendet.de\/de\/team\/nadine-foerster\/\" class=\"member__thumbnail\"><img decoding=\"async\" src=\"https:\/\/sie-gruendet.de\/wp-content\/uploads\/2024\/01\/Nadine-Foerster-N-2.2-700x560.webp\" class=\"thumbnail__featured\" alt=\"Nadine Foerster\"><\/a><\/div><div class=\"member__info-wrapper\"><div class=\"member__info\"><div class=\"member__meta-wrapper\"><div class=\"member__meta\"><h2 class=\"member__name\"><a href=\"https:\/\/sie-gruendet.de\/de\/team\/nadine-foerster\/\">Nadine Foerster<\/a><\/h2><\/div><div class=\"member__icon\"><i class=\"flaticon flaticon-right-arrow-1\"><\/i><\/div><\/div><\/div><\/div><\/div><\/article><article class=\"team__member swiper-slide\"><div class=\"member__wrapper\"><div class=\"member__media\"><a href=\"https:\/\/sie-gruendet.de\/de\/team\/armando-garcia-schmidt\/\" class=\"member__thumbnail\"><img decoding=\"async\" src=\"https:\/\/sie-gruendet.de\/wp-content\/uploads\/2024\/01\/Armando-Garcia-1-700x560.webp\" class=\"thumbnail__featured\" alt=\"Armando Garc\u00eda Schmidt\"><\/a><\/div><div class=\"member__info-wrapper\"><div class=\"member__info\"><div class=\"member__meta-wrapper\"><div class=\"member__meta\"><h2 class=\"member__name\"><a href=\"https:\/\/sie-gruendet.de\/de\/team\/armando-garcia-schmidt\/\">Armando Garc\u00eda Schmidt<\/a><\/h2><\/div><div class=\"member__icon\"><i class=\"flaticon flaticon-right-arrow-1\"><\/i><\/div><\/div><\/div><\/div><\/div><\/article><article class=\"team__member swiper-slide\"><div class=\"member__wrapper\"><div class=\"member__media\"><a href=\"https:\/\/sie-gruendet.de\/de\/team\/dr-fabrice-chuembou-pekam\/\" class=\"member__thumbnail\"><img decoding=\"async\" src=\"https:\/\/sie-gruendet.de\/wp-content\/uploads\/2024\/01\/Fabrice-Chuembou-Pekam-700x560.webp\" class=\"thumbnail__featured\" alt=\"Dr. Fabrice Chuembou Pekam\"><\/a><\/div><div class=\"member__info-wrapper\"><div class=\"member__info\"><div class=\"member__meta-wrapper\"><div class=\"member__meta\"><h2 class=\"member__name\"><a href=\"https:\/\/sie-gruendet.de\/de\/team\/dr-fabrice-chuembou-pekam\/\">Dr. Fabrice Chuembou Pekam<\/a><\/h2><\/div><div class=\"member__icon\"><i class=\"flaticon flaticon-right-arrow-1\"><\/i><\/div><\/div><\/div><\/div><\/div><\/article><\/div><ul class=\"swiper-pagination\" role=\"tablist\" data-carousel=\"wgl_carousel_69f3e5ea996f9\"><\/ul><\/div><\/div><\/div><\/section>\t\t<\/div>\n\t\t\t\t<\/div>\n\t\t\t\t<div class=\"elementor-element elementor-element-34e23e0 elementor-widget elementor-widget-spacer\" data-id=\"34e23e0\" data-element_type=\"widget\" data-widget_type=\"spacer.default\">\n\t\t\t\t<div class=\"elementor-widget-container\">\n\t\t\t\t\t<div class=\"elementor-spacer\">\n\t\t\t<div class=\"elementor-spacer-inner\"><\/div>\n\t\t<\/div>\n\t\t\t\t<\/div>\n\t\t\t\t<\/div>\n\t\t\t\t\t<\/div>\n\t\t<\/div>\n\t\t\t\t\t<\/div>\n\t\t<\/section>\n\t\t\t\t<\/div>\n\t\t","protected":false},"excerpt":{"rendered":"<p>Experten im Unternehmertum f\u00fcr Migranten in Deutschland Bei SIE gr\u00fcndet addressieren wir internationale Unternehmerinnen am Wirtschaftsstandort Deutschland, unabh\u00e4ngig von ihrer [&hellip;]<\/p>\n","protected":false},"author":242456967,"featured_media":0,"parent":0,"menu_order":0,"comment_status":"closed","ping_status":"closed","template":"","meta":{"_bbp_topic_count":0,"_bbp_reply_count":0,"_bbp_total_topic_count":0,"_bbp_total_reply_count":0,"_bbp_voice_count":0,"_bbp_anonymous_reply_count":0,"_bbp_topic_count_hidden":0,"_bbp_reply_count_hidden":0,"_bbp_forum_subforum_count":0,"footnotes":""},"class_list":["post-5844","page","type-page","status-publish","hentry"],"_links":{"self":[{"href":"https:\/\/sie-gruendet.de\/de\/wp-json\/wp\/v2\/pages\/5844","targetHints":{"allow":["GET"]}}],"collection":[{"href":"https:\/\/sie-gruendet.de\/de\/wp-json\/wp\/v2\/pages"}],"about":[{"href":"https:\/\/sie-gruendet.de\/de\/wp-json\/wp\/v2\/types\/page"}],"author":[{"embeddable":true,"href":"https:\/\/sie-gruendet.de\/de\/wp-json\/wp\/v2\/users\/242456967"}],"replies":[{"embeddable":true,"href":"https:\/\/sie-gruendet.de\/de\/wp-json\/wp\/v2\/comments?post=5844"}],"version-history":[{"count":0,"href":"https:\/\/sie-gruendet.de\/de\/wp-json\/wp\/v2\/pages\/5844\/revisions"}],"wp:attachment":[{"href":"https:\/\/sie-gruendet.de\/de\/wp-json\/wp\/v2\/media?parent=5844"}],"curies":[{"name":"wp","href":"https:\/\/api.w.org\/{rel}","templated":true}]}}