{"id":5954,"date":"2023-03-03T07:35:30","date_gmt":"2023-03-03T06:35:30","guid":{"rendered":"https:\/\/sie-gruendet.de\/unser-team\/"},"modified":"2024-02-09T13:45:13","modified_gmt":"2024-02-09T12:45:13","slug":"unser-team","status":"publish","type":"page","link":"https:\/\/sie-gruendet.de\/de\/unser-team\/","title":{"rendered":"Unser Team"},"content":{"rendered":"\t\t<div data-elementor-type=\"wp-page\" data-elementor-id=\"5954\" class=\"elementor elementor-5954 elementor-1218\">\n\t\t\t\t\t\t<section class=\"elementor-section elementor-top-section elementor-element elementor-element-bc08c2f elementor-section-boxed elementor-section-height-default elementor-section-height-default\" data-id=\"bc08c2f\" data-element_type=\"section\" data-settings=\"{&quot;background_background&quot;:&quot;classic&quot;}\">\n\t\t\t\t\t\t<div class=\"elementor-container elementor-column-gap-default\">\n\t\t\t\t\t<div class=\"elementor-column elementor-col-100 elementor-top-column elementor-element elementor-element-27cdd9b\" data-id=\"27cdd9b\" data-element_type=\"column\">\n\t\t\t<div class=\"elementor-widget-wrap elementor-element-populated\">\n\t\t\t\t\t\t<div class=\"elementor-element elementor-element-bc73c5b elementor-widget__width-initial divider-yes aleft elementor-widget elementor-widget-wgl-double-heading\" data-id=\"bc73c5b\" data-element_type=\"widget\" data-widget_type=\"wgl-double-heading.default\">\n\t\t\t\t<div class=\"elementor-widget-container\">\n\t\t\t<div class=\"wgl-double-heading\"><div class=\"dblh__subtitle\">Das Herz des Vereins<\/div><h3 class=\"dblh__title-wrapper\"><span class=\"dblh__title dblh__title-1\">Wir als Co-Gr\u00fcnder: <\/span><span class=\"dblh__title dblh__title-2\">innen von SIE gr\u00fcndet e.V.<\/span><\/h3><\/div>\t\t<\/div>\n\t\t\t\t<\/div>\n\t\t\t\t<div class=\"elementor-element elementor-element-4c32dc9 elementor-widget elementor-widget-spacer\" data-id=\"4c32dc9\" data-element_type=\"widget\" data-widget_type=\"spacer.default\">\n\t\t\t\t<div class=\"elementor-widget-container\">\n\t\t\t<style>\/*! elementor - v3.23.0 - 05-08-2024 *\/\n.elementor-column .elementor-spacer-inner{height:var(--spacer-size)}.e-con{--container-widget-width:100%}.e-con-inner>.elementor-widget-spacer,.e-con>.elementor-widget-spacer{width:var(--container-widget-width,var(--spacer-size));--align-self:var(--container-widget-align-self,initial);--flex-shrink:0}.e-con-inner>.elementor-widget-spacer>.elementor-widget-container,.e-con>.elementor-widget-spacer>.elementor-widget-container{height:100%;width:100%}.e-con-inner>.elementor-widget-spacer>.elementor-widget-container>.elementor-spacer,.e-con>.elementor-widget-spacer>.elementor-widget-container>.elementor-spacer{height:100%}.e-con-inner>.elementor-widget-spacer>.elementor-widget-container>.elementor-spacer>.elementor-spacer-inner,.e-con>.elementor-widget-spacer>.elementor-widget-container>.elementor-spacer>.elementor-spacer-inner{height:var(--container-widget-height,var(--spacer-size))}.e-con-inner>.elementor-widget-spacer.elementor-widget-empty,.e-con>.elementor-widget-spacer.elementor-widget-empty{position:relative;min-height:22px;min-width:22px}.e-con-inner>.elementor-widget-spacer.elementor-widget-empty .elementor-widget-empty-icon,.e-con>.elementor-widget-spacer.elementor-widget-empty .elementor-widget-empty-icon{position:absolute;top:0;bottom:0;left:0;right:0;margin:auto;padding:0;width:22px;height:22px}<\/style>\t\t<div class=\"elementor-spacer\">\n\t\t\t<div class=\"elementor-spacer-inner\"><\/div>\n\t\t<\/div>\n\t\t\t\t<\/div>\n\t\t\t\t<\/div>\n\t\t\t\t<div class=\"elementor-element elementor-element-288e3ba elementor-widget elementor-widget-text-editor\" data-id=\"288e3ba\" data-element_type=\"widget\" data-widget_type=\"text-editor.default\">\n\t\t\t\t<div class=\"elementor-widget-container\">\n\t\t\t<style>\/*! elementor - v3.23.0 - 05-08-2024 *\/\n.elementor-widget-text-editor.elementor-drop-cap-view-stacked .elementor-drop-cap{background-color:#69727d;color:#fff}.elementor-widget-text-editor.elementor-drop-cap-view-framed .elementor-drop-cap{color:#69727d;border:3px solid;background-color:transparent}.elementor-widget-text-editor:not(.elementor-drop-cap-view-default) .elementor-drop-cap{margin-top:8px}.elementor-widget-text-editor:not(.elementor-drop-cap-view-default) .elementor-drop-cap-letter{width:1em;height:1em}.elementor-widget-text-editor .elementor-drop-cap{float:left;text-align:center;line-height:1;font-size:50px}.elementor-widget-text-editor .elementor-drop-cap-letter{display:inline-block}<\/style>\t\t\t\t<p><span>Das Gr\u00fcndungsteam besteht aus 6 Fachleuten mit nachgewiesener Expertise in den Bereichen Unternehmensgr\u00fcndung und Gesch\u00e4ftssicherheit f\u00fcr Migranten in Deutschland. Sie alle haben ihr spezifisches Fachwissen und leidenschaftliche Ideen in den SIE GR\u00dcNDET Summit 2021 eingebracht und somit den Grundstein f\u00fcr den Verein gelegt.<\/span><\/p>\n\t\t\t\t\t\t<\/div>\n\t\t\t\t<\/div>\n\t\t\t\t<div class=\"elementor-element elementor-element-fc11ca3 aleft elementor-widget elementor-widget-wgl-team\" data-id=\"fc11ca3\" data-element_type=\"widget\" data-widget_type=\"wgl-team.default\">\n\t\t\t\t<div class=\"elementor-widget-container\">\n\t\t\t<section class=\"wgl_module_team\"><div class=\"team__members grid-col--3\"><article class=\"team__member\"><div class=\"member__wrapper\"><div class=\"member__media\"><a href=\"https:\/\/sie-gruendet.de\/de\/team\/armando-garcia-schmidt\/\" class=\"member__thumbnail\"><img decoding=\"async\" src=\"https:\/\/sie-gruendet.de\/wp-content\/uploads\/2024\/01\/Armando-Garcia-1-700x700.webp\" class=\"thumbnail__featured\" alt=\"Armando Garc\u00eda Schmidt\"><\/a><\/div><div class=\"member__info-wrapper\"><div class=\"member__info\"><div class=\"member__meta-wrapper\"><div class=\"member__meta\"><h2 class=\"member__name\"><a href=\"https:\/\/sie-gruendet.de\/de\/team\/armando-garcia-schmidt\/\">Armando Garc\u00eda Schmidt<\/a><\/h2><\/div><div class=\"member__icon\"><i class=\"flaticon flaticon-right-arrow-1\"><\/i><\/div><\/div><\/div><\/div><\/div><\/article><article class=\"team__member\"><div class=\"member__wrapper\"><div class=\"member__media\"><a href=\"https:\/\/sie-gruendet.de\/de\/team\/begona-de-la-marta\/\" class=\"member__thumbnail\"><img decoding=\"async\" src=\"https:\/\/sie-gruendet.de\/wp-content\/uploads\/2024\/01\/Begona-de-la-Marta-N-700x700.webp\" class=\"thumbnail__featured\" alt=\"Begon\u0303a de la Marta\"><\/a><\/div><div class=\"member__info-wrapper\"><div class=\"member__info\"><div class=\"member__meta-wrapper\"><div class=\"member__meta\"><h2 class=\"member__name\"><a href=\"https:\/\/sie-gruendet.de\/de\/team\/begona-de-la-marta\/\">Bego\u00f1a de la Marta<\/a><\/h2><\/div><div class=\"member__icon\"><i class=\"flaticon flaticon-right-arrow-1\"><\/i><\/div><\/div><\/div><\/div><\/div><\/article><article class=\"team__member\"><div class=\"member__wrapper\"><div class=\"member__media\"><a href=\"https:\/\/sie-gruendet.de\/de\/team\/dr-claudia-zuleta\/\" class=\"member__thumbnail\"><img decoding=\"async\" src=\"https:\/\/sie-gruendet.de\/wp-content\/uploads\/2024\/01\/Claudia-Zuleta-700x700.webp\" class=\"thumbnail__featured\" alt=\"\"><\/a><\/div><div class=\"member__info-wrapper\"><div class=\"member__info\"><div class=\"member__meta-wrapper\"><div class=\"member__meta\"><h2 class=\"member__name\"><a href=\"https:\/\/sie-gruendet.de\/de\/team\/dr-claudia-zuleta\/\">Dr. Claudia Zuleta<\/a><\/h2><\/div><div class=\"member__icon\"><i class=\"flaticon flaticon-right-arrow-1\"><\/i><\/div><\/div><\/div><\/div><\/div><\/article><article class=\"team__member\"><div class=\"member__wrapper\"><div class=\"member__media\"><a href=\"https:\/\/sie-gruendet.de\/de\/team\/dr-fabrice-chuembou-pekam\/\" class=\"member__thumbnail\"><img decoding=\"async\" src=\"https:\/\/sie-gruendet.de\/wp-content\/uploads\/2024\/01\/Fabrice-Chuembou-Pekam-700x700.webp\" class=\"thumbnail__featured\" alt=\"Dr. Fabrice Chuembou Pekam\"><\/a><\/div><div class=\"member__info-wrapper\"><div class=\"member__info\"><div class=\"member__meta-wrapper\"><div class=\"member__meta\"><h2 class=\"member__name\"><a href=\"https:\/\/sie-gruendet.de\/de\/team\/dr-fabrice-chuembou-pekam\/\">Dr. Fabrice Chuembou Pekam<\/a><\/h2><\/div><div class=\"member__icon\"><i class=\"flaticon flaticon-right-arrow-1\"><\/i><\/div><\/div><\/div><\/div><\/div><\/article><article class=\"team__member\"><div class=\"member__wrapper\"><div class=\"member__media\"><a href=\"https:\/\/sie-gruendet.de\/de\/team\/nadine-foerster\/\" class=\"member__thumbnail\"><img decoding=\"async\" src=\"https:\/\/sie-gruendet.de\/wp-content\/uploads\/2024\/01\/Nadine-Foerster-N-2.2-700x700.webp\" class=\"thumbnail__featured\" alt=\"Nadine Foerster\"><\/a><\/div><div class=\"member__info-wrapper\"><div class=\"member__info\"><div class=\"member__meta-wrapper\"><div class=\"member__meta\"><h2 class=\"member__name\"><a href=\"https:\/\/sie-gruendet.de\/de\/team\/nadine-foerster\/\">Nadine Foerster<\/a><\/h2><\/div><div class=\"member__icon\"><i class=\"flaticon flaticon-right-arrow-1\"><\/i><\/div><\/div><\/div><\/div><\/div><\/article><article class=\"team__member\"><div class=\"member__wrapper\"><div class=\"member__media\"><a href=\"https:\/\/sie-gruendet.de\/de\/team\/stefanie-kohlmorgen\/\" class=\"member__thumbnail\"><img decoding=\"async\" src=\"https:\/\/sie-gruendet.de\/wp-content\/uploads\/2024\/01\/Stefanie-Kohlmorgen-700x700.webp\" class=\"thumbnail__featured\" alt=\"\"><\/a><\/div><div class=\"member__info-wrapper\"><div class=\"member__info\"><div class=\"member__meta-wrapper\"><div class=\"member__meta\"><h2 class=\"member__name\"><a href=\"https:\/\/sie-gruendet.de\/de\/team\/stefanie-kohlmorgen\/\">Stefanie Kohlmorgen<\/a><\/h2><\/div><div class=\"member__icon\"><i class=\"flaticon flaticon-right-arrow-1\"><\/i><\/div><\/div><\/div><\/div><\/div><\/article><\/div><\/section>\t\t<\/div>\n\t\t\t\t<\/div>\n\t\t\t\t<div class=\"elementor-element elementor-element-459d30c elementor-widget elementor-widget-spacer\" data-id=\"459d30c\" data-element_type=\"widget\" data-widget_type=\"spacer.default\">\n\t\t\t\t<div class=\"elementor-widget-container\">\n\t\t\t\t\t<div class=\"elementor-spacer\">\n\t\t\t<div class=\"elementor-spacer-inner\"><\/div>\n\t\t<\/div>\n\t\t\t\t<\/div>\n\t\t\t\t<\/div>\n\t\t\t\t\t<\/div>\n\t\t<\/div>\n\t\t\t\t\t<\/div>\n\t\t<\/section>\n\t\t\t\t<section class=\"elementor-section elementor-top-section elementor-element elementor-element-9827d63 elementor-section-full_width elementor-section-height-default elementor-section-height-default\" data-id=\"9827d63\" data-element_type=\"section\" data-settings=\"{&quot;background_background&quot;:&quot;gradient&quot;}\">\n\t\t\t\t\t\t<div class=\"elementor-container elementor-column-gap-no\">\n\t\t\t\t\t<div class=\"elementor-column elementor-col-100 elementor-top-column elementor-element elementor-element-3e0d641\" data-id=\"3e0d641\" data-element_type=\"column\">\n\t\t\t<div class=\"elementor-widget-wrap elementor-element-populated\">\n\t\t\t\t\t\t<div class=\"elementor-element elementor-element-17338a0 elementor-widget elementor-widget-wgl-text-path\" data-id=\"17338a0\" data-element_type=\"widget\" data-settings=\"{&quot;text&quot;:&quot;Sei Teil unserer Community von internationalen Gr\\u00fcnderinnen und Unternehmerinnen in Deutschland. Soziales Netzwerk&quot;,&quot;link&quot;:{&quot;url&quot;:&quot;&quot;,&quot;is_external&quot;:&quot;&quot;,&quot;nofollow&quot;:&quot;&quot;,&quot;custom_attributes&quot;:&quot;&quot;},&quot;animation_speed&quot;:30000,&quot;start_point&quot;:{&quot;unit&quot;:&quot;%&quot;,&quot;size&quot;:100,&quot;sizes&quot;:[]},&quot;start_point_laptop&quot;:{&quot;unit&quot;:&quot;px&quot;,&quot;size&quot;:&quot;&quot;,&quot;sizes&quot;:[]},&quot;start_point_tablet&quot;:{&quot;unit&quot;:&quot;px&quot;,&quot;size&quot;:&quot;&quot;,&quot;sizes&quot;:[]},&quot;start_point_mobile&quot;:{&quot;unit&quot;:&quot;px&quot;,&quot;size&quot;:&quot;&quot;,&quot;sizes&quot;:[]},&quot;end_point&quot;:{&quot;unit&quot;:&quot;%&quot;,&quot;size&quot;:-10,&quot;sizes&quot;:[]},&quot;end_point_laptop&quot;:{&quot;unit&quot;:&quot;px&quot;,&quot;size&quot;:&quot;&quot;,&quot;sizes&quot;:[]},&quot;end_point_tablet&quot;:{&quot;unit&quot;:&quot;px&quot;,&quot;size&quot;:&quot;&quot;,&quot;sizes&quot;:[]},&quot;end_point_mobile&quot;:{&quot;unit&quot;:&quot;px&quot;,&quot;size&quot;:&quot;&quot;,&quot;sizes&quot;:[]}}\" data-widget_type=\"wgl-text-path.default\">\n\t\t\t\t<div class=\"elementor-widget-container\">\n\t\t\t\t\t<div class=\"wgl-text-path loop_animation  clone_text  stop_on_hover\" data-backspace-count=\"\" data-type-svg=\"wgl_line_simple\" data-text=\"Sei Teil unserer Community von internationalen Gr\u00fcnderinnen und Unternehmerinnen in Deutschland. Soziales Netzwerk\">\n\t\t\t<div class=\"simple_line\"><\/div>\t\t\t\t\t<\/div>\n\t\t\t\t<\/div>\n\t\t\t\t<\/div>\n\t\t\t\t\t<\/div>\n\t\t<\/div>\n\t\t\t\t\t<\/div>\n\t\t<\/section>\n\t\t\t\t<\/div>\n\t\t","protected":false},"excerpt":{"rendered":"<p>Das Herz des Vereins Wir als Co-Gr\u00fcnder: innen von SIE gr\u00fcndet e.V. Das Gr\u00fcndungsteam besteht aus 6 Fachleuten mit nachgewiesener [&hellip;]<\/p>\n","protected":false},"author":242456967,"featured_media":0,"parent":0,"menu_order":0,"comment_status":"closed","ping_status":"closed","template":"","meta":{"_bbp_topic_count":0,"_bbp_reply_count":0,"_bbp_total_topic_count":0,"_bbp_total_reply_count":0,"_bbp_voice_count":0,"_bbp_anonymous_reply_count":0,"_bbp_topic_count_hidden":0,"_bbp_reply_count_hidden":0,"_bbp_forum_subforum_count":0,"footnotes":""},"class_list":["post-5954","page","type-page","status-publish","hentry"],"_links":{"self":[{"href":"https:\/\/sie-gruendet.de\/de\/wp-json\/wp\/v2\/pages\/5954","targetHints":{"allow":["GET"]}}],"collection":[{"href":"https:\/\/sie-gruendet.de\/de\/wp-json\/wp\/v2\/pages"}],"about":[{"href":"https:\/\/sie-gruendet.de\/de\/wp-json\/wp\/v2\/types\/page"}],"author":[{"embeddable":true,"href":"https:\/\/sie-gruendet.de\/de\/wp-json\/wp\/v2\/users\/242456967"}],"replies":[{"embeddable":true,"href":"https:\/\/sie-gruendet.de\/de\/wp-json\/wp\/v2\/comments?post=5954"}],"version-history":[{"count":0,"href":"https:\/\/sie-gruendet.de\/de\/wp-json\/wp\/v2\/pages\/5954\/revisions"}],"wp:attachment":[{"href":"https:\/\/sie-gruendet.de\/de\/wp-json\/wp\/v2\/media?parent=5954"}],"curies":[{"name":"wp","href":"https:\/\/api.w.org\/{rel}","templated":true}]}}