{"id":5960,"date":"2023-05-04T08:43:12","date_gmt":"2023-05-04T06:43:12","guid":{"rendered":"https:\/\/sie-gruendet.de\/erfolgsgeschichten\/"},"modified":"2024-02-01T15:05:36","modified_gmt":"2024-02-01T14:05:36","slug":"erfolgsgeschichten","status":"publish","type":"page","link":"https:\/\/sie-gruendet.de\/de\/erfolgsgeschichten\/","title":{"rendered":"Erfolgsgeschichten"},"content":{"rendered":"\t\t<div data-elementor-type=\"wp-page\" data-elementor-id=\"5960\" class=\"elementor elementor-5960 elementor-3849\">\n\t\t\t\t\t\t<section class=\"elementor-section elementor-top-section elementor-element elementor-element-684b666 elementor-section-boxed elementor-section-height-default elementor-section-height-default\" data-id=\"684b666\" data-element_type=\"section\">\n\t\t\t\t\t\t<div class=\"elementor-container elementor-column-gap-default\">\n\t\t\t\t\t<div class=\"elementor-column elementor-col-100 elementor-top-column elementor-element elementor-element-6e847fe\" data-id=\"6e847fe\" data-element_type=\"column\">\n\t\t\t<div class=\"elementor-widget-wrap elementor-element-populated\">\n\t\t\t\t\t\t<div class=\"elementor-element elementor-element-00ecbe9 acenter divider-yes elementor-widget elementor-widget-wgl-double-heading\" data-id=\"00ecbe9\" data-element_type=\"widget\" data-widget_type=\"wgl-double-heading.default\">\n\t\t\t\t<div class=\"elementor-widget-container\">\n\t\t\t<div class=\"wgl-double-heading\"><div class=\"dblh__subtitle\">Sie haben es geschafft<\/div><h3 class=\"dblh__title-wrapper\"><span class=\"dblh__title dblh__title-1\">Unsere neuesten<\/span><span class=\"dblh__title dblh__title-2\"> Erfolgsgeschichten<\/span><\/h3><div class=\"dblh__content\"><div>\n<div><span>Netzwerke bilden, sich verb\u00fcnden, einander zuh\u00f6ren und voneinander lernen \u2013 das sind Grundbausteine f\u00fcr gelingendes Weiterkommen. Hier geben euch internationale Gr\u00fcnderinnen Tipps, die ihnen durch die eigene Gr\u00fcndungsphase begleitet haben.<\/span><\/div>\n<\/div>\n<\/div><\/div>\t\t<\/div>\n\t\t\t\t<\/div>\n\t\t\t\t\t<\/div>\n\t\t<\/div>\n\t\t\t\t\t<\/div>\n\t\t<\/section>\n\t\t\t\t<section class=\"elementor-section elementor-top-section elementor-element elementor-element-529494a elementor-section-boxed elementor-section-height-default elementor-section-height-default\" data-id=\"529494a\" data-element_type=\"section\">\n\t\t\t\t\t\t<div class=\"elementor-container elementor-column-gap-default\">\n\t\t\t\t\t<div class=\"elementor-column elementor-col-100 elementor-top-column elementor-element elementor-element-30e4a4c\" data-id=\"30e4a4c\" data-element_type=\"column\">\n\t\t\t<div class=\"elementor-widget-wrap elementor-element-populated\">\n\t\t\t\t\t\t<div class=\"elementor-element elementor-element-76a52ff elementor-widget elementor-widget-wgl-portfolio\" data-id=\"76a52ff\" data-element_type=\"widget\" data-widget_type=\"wgl-portfolio.default\">\n\t\t\t\t<div class=\"elementor-widget-container\">\n\t\t\t<section class=\"wgl_cpt_section\"><div class=\"wgl-portfolio\" id=\"portfolio_module_69ea0f09098c9\"><div class=\"wgl-portfolio_wrapper\"><div class=\"wgl-portfolio_container container-grid row appear-animation anim-fade-in isotope masonry-3\"><div class=\"pf_item_size\" style=\"width: 25%;\"><\/div><article class=\"portfolio__item item empowerment-de erfolgsgeschichten lebensstil\"><div class=\"item__wrapper description_inside_image animation_simple\"><div class=\"item__image\"><img decoding=\"async\" src=\"https:\/\/sie-gruendet.de\/wp-content\/uploads\/2024\/11\/Nicole-Molina-min-e1732798917124-1150x1150.png\" alt=\"Nicole Molina\"><\/div><div class=\"item__description\"><a href=\"https:\/\/sie-gruendet.de\/de\/portfolio\/nicole-molina\/\" class=\"single_link portfolio_link\"><\/a><div class=\"description__wrapper\"><div class=\"item__meta-wrapper\"><div class=\"item__meta\"><div class=\"item__title\"><h5 class=\"title\"><a href=\"https:\/\/sie-gruendet.de\/de\/portfolio\/nicole-molina\/\" class=\"single_link\">Nicole Molina<\/a><\/h5><\/div><div class=\"post_cats\"><a href=https:\/\/sie-gruendet.de\/de\/portfolio-category\/empowerment-de\/ class=\"portfolio-category\">Empowerment<\/a><a href=https:\/\/sie-gruendet.de\/de\/portfolio-category\/erfolgsgeschichten\/ class=\"portfolio-category\">Erfolgsgeschichten<\/a><a href=https:\/\/sie-gruendet.de\/de\/portfolio-category\/lebensstil\/ class=\"portfolio-category\">Lebensstil<\/a><\/div><\/div><\/div><\/div><\/div><a href=\"https:\/\/sie-gruendet.de\/de\/portfolio\/nicole-molina\/\" class=\"single_link portfolio_link\"><\/a><\/div><\/article><article class=\"portfolio__item item empowerment-de erfolgsgeschichten\"><div class=\"item__wrapper description_inside_image animation_simple\"><div class=\"item__image\"><img decoding=\"async\" src=\"https:\/\/sie-gruendet.de\/wp-content\/uploads\/2024\/10\/Eileen-Wang-1150x575.jpeg\" alt=\"Eileen Wang\" style=\"margin-top: -0px;\"><\/div><div class=\"item__description\"><a href=\"https:\/\/sie-gruendet.de\/de\/portfolio\/eileen-wang\/\" class=\"single_link portfolio_link\"><\/a><div class=\"description__wrapper\"><div class=\"item__meta-wrapper\"><div class=\"item__meta\"><div class=\"item__title\"><h5 class=\"title\"><a href=\"https:\/\/sie-gruendet.de\/de\/portfolio\/eileen-wang\/\" class=\"single_link\">Eileen Wang<\/a><\/h5><\/div><div class=\"post_cats\"><a href=https:\/\/sie-gruendet.de\/de\/portfolio-category\/empowerment-de\/ class=\"portfolio-category\">Empowerment<\/a><a href=https:\/\/sie-gruendet.de\/de\/portfolio-category\/erfolgsgeschichten\/ class=\"portfolio-category\">Erfolgsgeschichten<\/a><\/div><\/div><\/div><\/div><\/div><a href=\"https:\/\/sie-gruendet.de\/de\/portfolio\/eileen-wang\/\" class=\"single_link portfolio_link\"><\/a><\/div><\/article><article class=\"portfolio__item item erfolgsgeschichten lebensstil professionell\"><div class=\"item__wrapper description_inside_image animation_simple\"><div class=\"item__image\"><img decoding=\"async\" src=\"https:\/\/sie-gruendet.de\/wp-content\/uploads\/2023\/02\/EME-Berlin-575x575.webp\" alt=\"EME Berlin\"><\/div><div class=\"item__description\"><a href=\"https:\/\/sie-gruendet.de\/de\/portfolio\/maria-rodrigo\/\" class=\"single_link portfolio_link\"><\/a><div class=\"description__wrapper\"><div class=\"item__meta-wrapper\"><div class=\"item__meta\"><div class=\"item__title\"><h5 class=\"title\"><a href=\"https:\/\/sie-gruendet.de\/de\/portfolio\/maria-rodrigo\/\" class=\"single_link\">Mar\u00eda Rodrigo<\/a><\/h5><\/div><div class=\"post_cats\"><a href=https:\/\/sie-gruendet.de\/de\/portfolio-category\/erfolgsgeschichten\/ class=\"portfolio-category\">Erfolgsgeschichten<\/a><a href=https:\/\/sie-gruendet.de\/de\/portfolio-category\/lebensstil\/ class=\"portfolio-category\">Lebensstil<\/a><a href=https:\/\/sie-gruendet.de\/de\/portfolio-category\/professionell\/ class=\"portfolio-category\">Professionell<\/a><\/div><\/div><\/div><\/div><\/div><a href=\"https:\/\/sie-gruendet.de\/de\/portfolio\/maria-rodrigo\/\" class=\"single_link portfolio_link\"><\/a><\/div><\/article><article class=\"portfolio__item item empowerment erfolgsgeschichten professionell\"><div class=\"item__wrapper description_inside_image animation_simple\"><div class=\"item__image\"><img decoding=\"async\" src=\"https:\/\/sie-gruendet.de\/wp-content\/uploads\/2023\/02\/Andrea-Strauch-Restorer-3-575x575.webp\" alt=\"Andrea Strauch - Restorer 3\"><\/div><div class=\"item__description\"><a href=\"https:\/\/sie-gruendet.de\/de\/portfolio\/andrea-strauch\/\" class=\"single_link portfolio_link\"><\/a><div class=\"description__wrapper\"><div class=\"item__meta-wrapper\"><div class=\"item__meta\"><div class=\"item__title\"><h5 class=\"title\"><a href=\"https:\/\/sie-gruendet.de\/de\/portfolio\/andrea-strauch\/\" class=\"single_link\">Andrea Strauch<\/a><\/h5><\/div><div class=\"post_cats\"><a href=https:\/\/sie-gruendet.de\/portfolio-category\/empowerment\/ class=\"portfolio-category\">Empowerment<\/a><a href=https:\/\/sie-gruendet.de\/de\/portfolio-category\/erfolgsgeschichten\/ class=\"portfolio-category\">Erfolgsgeschichten<\/a><a href=https:\/\/sie-gruendet.de\/de\/portfolio-category\/professionell\/ class=\"portfolio-category\">Professionell<\/a><\/div><\/div><\/div><\/div><\/div><a href=\"https:\/\/sie-gruendet.de\/de\/portfolio\/andrea-strauch\/\" class=\"single_link portfolio_link\"><\/a><\/div><\/article><article class=\"portfolio__item item erfolgsgeschichten\"><div class=\"item__wrapper description_inside_image animation_simple\"><div class=\"item__image\"><img decoding=\"async\" src=\"https:\/\/sie-gruendet.de\/wp-content\/uploads\/2023\/02\/Reahyun-Kim-Learn-1150x575.webp\" alt=\"Reahyun Kim - Learn\" style=\"margin-top: -0px;\"><\/div><div class=\"item__description\"><a href=\"https:\/\/sie-gruendet.de\/de\/portfolio\/reahyun-kim\/\" class=\"single_link portfolio_link\"><\/a><div class=\"description__wrapper\"><div class=\"item__meta-wrapper\"><div class=\"item__meta\"><div class=\"item__title\"><h5 class=\"title\"><a href=\"https:\/\/sie-gruendet.de\/de\/portfolio\/reahyun-kim\/\" class=\"single_link\">Reahyun Kim<\/a><\/h5><\/div><div class=\"post_cats\"><a href=https:\/\/sie-gruendet.de\/de\/portfolio-category\/erfolgsgeschichten\/ class=\"portfolio-category\">Erfolgsgeschichten<\/a><\/div><\/div><\/div><\/div><\/div><a href=\"https:\/\/sie-gruendet.de\/de\/portfolio\/reahyun-kim\/\" class=\"single_link portfolio_link\"><\/a><\/div><\/article><article class=\"portfolio__item item erfolgsgeschichten\"><div class=\"item__wrapper description_inside_image animation_simple\"><div class=\"item__image\"><img decoding=\"async\" src=\"https:\/\/sie-gruendet.de\/wp-content\/uploads\/2023\/02\/Dr-Eli-Wortmann-Kolondzija-1150x1150.webp\" alt=\"Dr Eli Wortmann-Kolondzija - AI\"><\/div><div class=\"item__description\"><a href=\"https:\/\/sie-gruendet.de\/de\/portfolio\/dr-eli-wortmann-kolondzija\/\" class=\"single_link portfolio_link\"><\/a><div class=\"description__wrapper\"><div class=\"item__meta-wrapper\"><div class=\"item__meta\"><div class=\"item__title\"><h5 class=\"title\"><a href=\"https:\/\/sie-gruendet.de\/de\/portfolio\/dr-eli-wortmann-kolondzija\/\" class=\"single_link\">Dr. Eli Wortmann-Kolondzija<\/a><\/h5><\/div><div class=\"post_cats\"><a href=https:\/\/sie-gruendet.de\/de\/portfolio-category\/erfolgsgeschichten\/ class=\"portfolio-category\">Erfolgsgeschichten<\/a><\/div><\/div><\/div><\/div><\/div><a href=\"https:\/\/sie-gruendet.de\/de\/portfolio\/dr-eli-wortmann-kolondzija\/\" class=\"single_link portfolio_link\"><\/a><\/div><\/article><article class=\"portfolio__item item empowerment-de erfolgsgeschichten mentorship-de\"><div class=\"item__wrapper description_inside_image animation_simple\"><div class=\"item__image\"><img decoding=\"async\" src=\"https:\/\/sie-gruendet.de\/wp-content\/uploads\/2023\/02\/Sera-Babakus-Magazine-1-1-575x575.webp\" alt=\"Sera Babakus - Magazine\"><\/div><div class=\"item__description\"><a href=\"https:\/\/sie-gruendet.de\/de\/portfolio\/sera-babakus\/\" class=\"single_link portfolio_link\"><\/a><div class=\"description__wrapper\"><div class=\"item__meta-wrapper\"><div class=\"item__meta\"><div class=\"item__title\"><h5 class=\"title\"><a href=\"https:\/\/sie-gruendet.de\/de\/portfolio\/sera-babakus\/\" class=\"single_link\">Sera Babakus<\/a><\/h5><\/div><div class=\"post_cats\"><a href=https:\/\/sie-gruendet.de\/de\/portfolio-category\/empowerment-de\/ class=\"portfolio-category\">Empowerment<\/a><a href=https:\/\/sie-gruendet.de\/de\/portfolio-category\/erfolgsgeschichten\/ class=\"portfolio-category\">Erfolgsgeschichten<\/a><a href=https:\/\/sie-gruendet.de\/de\/portfolio-category\/mentorship-de\/ class=\"portfolio-category\">Mentorship<\/a><\/div><\/div><\/div><\/div><\/div><a href=\"https:\/\/sie-gruendet.de\/de\/portfolio\/sera-babakus\/\" class=\"single_link portfolio_link\"><\/a><\/div><\/article><\/div><\/div><div class=\"clear\"><\/div><div class=\"load_more_wrapper center\"><div class=\"button_wrapper\"><button class=\"load_more_item\"><span class=\"load_more__text\">MEHR LADEN<\/span><\/button><\/div><form class=\"posts_grid_ajax\"><input type=\"hidden\" class=\"ajax_data\" name=\"69ea0f0910e3f_ajax_data\" value=\"{&quot;remainings_loading_type&quot;:&quot;load_more&quot;,&quot;load_more_text&quot;:&quot;MEHR LADEN&quot;,&quot;number_of_posts&quot;:8,&quot;layout&quot;:&quot;masonry-3&quot;,&quot;_margin&quot;:{&quot;unit&quot;:&quot;px&quot;,&quot;top&quot;:&quot;20&quot;,&quot;right&quot;:&quot;0&quot;,&quot;bottom&quot;:&quot;0&quot;,&quot;left&quot;:&quot;0&quot;,&quot;isLinked&quot;:false},&quot;appear_animation_enabled&quot;:&quot;yes&quot;,&quot;remainings_loading_btn_items_amount&quot;:4,&quot;appear_animation_style&quot;:&quot;fade-in&quot;,&quot;show_portfolio_title&quot;:&quot;yes&quot;,&quot;show_meta_categories&quot;:&quot;yes&quot;,&quot;description_position&quot;:&quot;inside_image&quot;,&quot;description_animation&quot;:&quot;simple&quot;,&quot;image_has_link&quot;:&quot;yes&quot;,&quot;title_has_link&quot;:&quot;yes&quot;,&quot;link_destination&quot;:&quot;single&quot;,&quot;order_by&quot;:&quot;date&quot;,&quot;order&quot;:&quot;DESC&quot;,&quot;load_more_alignment&quot;:&quot;center&quot;,&quot;_transform_keep_proportions&quot;:&quot;yes&quot;,&quot;_transform_keep_proportions_hover&quot;:&quot;yes&quot;,&quot;module_id&quot;:&quot;portfolio_module_69ea0f09098c9&quot;,&quot;query_args&quot;:{&quot;post_status&quot;:&quot;publish&quot;,&quot;posts_per_page&quot;:8,&quot;orderby&quot;:&quot;date&quot;,&quot;order&quot;:&quot;DESC&quot;,&quot;paged&quot;:1,&quot;post_type&quot;:&quot;portfolio&quot;},&quot;post_count&quot;:7,&quot;found_posts&quot;:7,&quot;masonry_post_index&quot;:7}\"><\/form><\/div><\/div><\/section>\t\t<\/div>\n\t\t\t\t<\/div>\n\t\t\t\t<div class=\"elementor-element elementor-element-6a1ceb4 elementor-widget elementor-widget-spacer\" data-id=\"6a1ceb4\" data-element_type=\"widget\" data-widget_type=\"spacer.default\">\n\t\t\t\t<div class=\"elementor-widget-container\">\n\t\t\t<style>\/*! elementor - v3.23.0 - 05-08-2024 *\/\n.elementor-column .elementor-spacer-inner{height:var(--spacer-size)}.e-con{--container-widget-width:100%}.e-con-inner>.elementor-widget-spacer,.e-con>.elementor-widget-spacer{width:var(--container-widget-width,var(--spacer-size));--align-self:var(--container-widget-align-self,initial);--flex-shrink:0}.e-con-inner>.elementor-widget-spacer>.elementor-widget-container,.e-con>.elementor-widget-spacer>.elementor-widget-container{height:100%;width:100%}.e-con-inner>.elementor-widget-spacer>.elementor-widget-container>.elementor-spacer,.e-con>.elementor-widget-spacer>.elementor-widget-container>.elementor-spacer{height:100%}.e-con-inner>.elementor-widget-spacer>.elementor-widget-container>.elementor-spacer>.elementor-spacer-inner,.e-con>.elementor-widget-spacer>.elementor-widget-container>.elementor-spacer>.elementor-spacer-inner{height:var(--container-widget-height,var(--spacer-size))}.e-con-inner>.elementor-widget-spacer.elementor-widget-empty,.e-con>.elementor-widget-spacer.elementor-widget-empty{position:relative;min-height:22px;min-width:22px}.e-con-inner>.elementor-widget-spacer.elementor-widget-empty .elementor-widget-empty-icon,.e-con>.elementor-widget-spacer.elementor-widget-empty .elementor-widget-empty-icon{position:absolute;top:0;bottom:0;left:0;right:0;margin:auto;padding:0;width:22px;height:22px}<\/style>\t\t<div class=\"elementor-spacer\">\n\t\t\t<div class=\"elementor-spacer-inner\"><\/div>\n\t\t<\/div>\n\t\t\t\t<\/div>\n\t\t\t\t<\/div>\n\t\t\t\t\t<\/div>\n\t\t<\/div>\n\t\t\t\t\t<\/div>\n\t\t<\/section>\n\t\t\t\t<\/div>\n\t\t","protected":false},"excerpt":{"rendered":"<p>Sie haben es geschafft Unsere neuesten Erfolgsgeschichten Netzwerke bilden, sich verb\u00fcnden, einander zuh\u00f6ren und voneinander lernen \u2013 das sind Grundbausteine [&hellip;]<\/p>\n","protected":false},"author":242456967,"featured_media":0,"parent":0,"menu_order":0,"comment_status":"closed","ping_status":"closed","template":"","meta":{"_bbp_topic_count":0,"_bbp_reply_count":0,"_bbp_total_topic_count":0,"_bbp_total_reply_count":0,"_bbp_voice_count":0,"_bbp_anonymous_reply_count":0,"_bbp_topic_count_hidden":0,"_bbp_reply_count_hidden":0,"_bbp_forum_subforum_count":0,"footnotes":""},"class_list":["post-5960","page","type-page","status-publish","hentry"],"_links":{"self":[{"href":"https:\/\/sie-gruendet.de\/de\/wp-json\/wp\/v2\/pages\/5960","targetHints":{"allow":["GET"]}}],"collection":[{"href":"https:\/\/sie-gruendet.de\/de\/wp-json\/wp\/v2\/pages"}],"about":[{"href":"https:\/\/sie-gruendet.de\/de\/wp-json\/wp\/v2\/types\/page"}],"author":[{"embeddable":true,"href":"https:\/\/sie-gruendet.de\/de\/wp-json\/wp\/v2\/users\/242456967"}],"replies":[{"embeddable":true,"href":"https:\/\/sie-gruendet.de\/de\/wp-json\/wp\/v2\/comments?post=5960"}],"version-history":[{"count":0,"href":"https:\/\/sie-gruendet.de\/de\/wp-json\/wp\/v2\/pages\/5960\/revisions"}],"wp:attachment":[{"href":"https:\/\/sie-gruendet.de\/de\/wp-json\/wp\/v2\/media?parent=5960"}],"curies":[{"name":"wp","href":"https:\/\/api.w.org\/{rel}","templated":true}]}}